{"id":1035,"date":"2026-02-19T11:32:33","date_gmt":"2026-02-19T11:32:33","guid":{"rendered":"https:\/\/queerokratia.de\/?page_id=1035"},"modified":"2026-02-19T11:32:35","modified_gmt":"2026-02-19T11:32:35","slug":"projektgruppen","status":"publish","type":"page","link":"https:\/\/queerokratia.de\/de\/projektgruppen\/","title":{"rendered":"Projektgruppen"},"content":{"rendered":"\n<h2 class=\"wp-block-heading\">Solidarit\u00e4t mit der Trans*bewegung Ugandas<\/h2>\n\n\n\n<p>Der Anti-Homosexuality Act der Regierung Ugandas hat eine schwere Krisensituation geschaffen und viele Queers gewaltsam vertrieben.<\/p>\n\n\n\n<p>Wir arbeiten mit selbstorganisierten Graswurzel-Schutzh\u00e4usern in Kampala (Uganda), Nairobi (Kenia) und mit verschiedenen Gruppen von Vertriebenen in Juba (S\u00fcdsudan).<\/p>\n\n\n\n<p>Wir kooperieren mit der durch Trans*Leute gef\u00fchrten Organisation <a href=\"https:\/\/prismuganda.org\/\">PRISM Uganda<\/a> f\u00fcr ein Monitoring der Situation und die Interessenvertretung queerer Vertriebener. Ansprechperson ist Fabian Kagimu.<\/p>\n\n\n\n<h2 class=\"wp-block-heading\">FundiWatch<\/h2>\n\n\n\n<p><a href=\"https:\/\/fundiwatch.org\/\">FundiWatch<\/a> ist eine unabh\u00e4ngige Recherche-Plattform, deren Arbeit sich auf die Christliche Rechte in deutschsprachigen L\u00e4ndern fokussiert. \u00a0Ein Schwerpunkt liegt auf der Analyse medialer Kulturkampf-Kampagnen, Versuchen der politischen Einflussnahme und der Unterwanderung des Sozialstaats. Ansprechperson f\u00fcr FundiWatch ist Zoe Luginsland.<\/p>\n\n\n\n<h2 class=\"wp-block-heading\">Trans Community Media<\/h2>\n\n\n\n<p>Wir produzieren zwei kostenfrei abrufbare Podcasts: Queerocracy Now! and Kuchu Unscripted.<\/p>\n\n\n\n<h3 class=\"wp-block-heading\">Queerocracy Now!<\/h3>\n\n\n\n<p><a href=\"https:\/\/sbsg.podbean.com\/\">Queerocracy Now!<\/a> hei\u00dft kollektive Selbstbestimmung der queeren Community. Queerocracy Now! ist Deutsch und Englisch-sprachiger Podcast. Wir analysieren die politischen Entwicklungen der Gegenwart aus einer queeren Perspektive und laden Aktivist*innen, Expert*innen und Politiker*innen zu Interviews ein. Ansprechperson f\u00fcr Queerocracy Now! ist Jyn Rimmele.<\/p>\n\n\n\n<h3 class=\"wp-block-heading\">Kuchu Unscripted<\/h3>\n\n\n\n<p>Kuchu ist ein Fl\u00fcstern, das ein Name wurde, ein Name, der eine Bewegung wurde, eine Bewegung, die sich weigert zu verschwinden.<\/p>\n\n\n\n<p>In diesem Podcast interviewen wir queere und transgeschlechtliche Migrant*innen \/ Gefl\u00fcchtete und lassen sie ihre eigene Geschichte erz\u00e4hlen. Ansprechperson f\u00fcr Kuchu Unscripted ist Fabian Kagimu.<\/p>\n","protected":false},"excerpt":{"rendered":"<p>Solidarit\u00e4t mit der Trans*bewegung Ugandas Der Anti-Homosexuality Act der Regierung Ugandas hat eine schwere Krisensituation geschaffen und viele Queers gewaltsam vertrieben. Wir arbeiten<\/p>\n","protected":false},"author":5,"featured_media":0,"parent":0,"menu_order":0,"comment_status":"closed","ping_status":"closed","template":"","meta":{"_acf_changed":false,"footnotes":""},"class_list":["post-1035","page","type-page","status-publish","hentry"],"acf":[],"_links":{"self":[{"href":"https:\/\/queerokratia.de\/de\/wp-json\/wp\/v2\/pages\/1035","targetHints":{"allow":["GET"]}}],"collection":[{"href":"https:\/\/queerokratia.de\/de\/wp-json\/wp\/v2\/pages"}],"about":[{"href":"https:\/\/queerokratia.de\/de\/wp-json\/wp\/v2\/types\/page"}],"author":[{"embeddable":true,"href":"https:\/\/queerokratia.de\/de\/wp-json\/wp\/v2\/users\/5"}],"replies":[{"embeddable":true,"href":"https:\/\/queerokratia.de\/de\/wp-json\/wp\/v2\/comments?post=1035"}],"version-history":[{"count":1,"href":"https:\/\/queerokratia.de\/de\/wp-json\/wp\/v2\/pages\/1035\/revisions"}],"predecessor-version":[{"id":1036,"href":"https:\/\/queerokratia.de\/de\/wp-json\/wp\/v2\/pages\/1035\/revisions\/1036"}],"wp:attachment":[{"href":"https:\/\/queerokratia.de\/de\/wp-json\/wp\/v2\/media?parent=1035"}],"curies":[{"name":"wp","href":"https:\/\/api.w.org\/{rel}","templated":true}]}}