{"id":25,"date":"2024-03-28T16:34:30","date_gmt":"2024-03-28T16:34:30","guid":{"rendered":"https:\/\/queerokratia.de\/?page_id=25"},"modified":"2024-12-02T21:29:30","modified_gmt":"2024-12-02T21:29:30","slug":"presse","status":"publish","type":"page","link":"https:\/\/queerokratia.de\/de\/presse\/","title":{"rendered":"Presse"},"content":{"rendered":"\n<div class=\"wp-block-group\"><div class=\"wp-block-group__inner-container is-layout-constrained wp-block-group-is-layout-constrained\">\n<p class=\"has-text-align-right\">Juliana Franke und Luce deLire: <\/p>\n\n\n\n<blockquote class=\"wp-block-quote is-layout-flow wp-block-quote-is-layout-flow\">\n<p class=\"has-text-align-left\">\u201eSelbstbestimmungsgesetz: Zeichen <br>von Disziplin und Privatisierung\u201c <\/p>\n<\/blockquote>\n\n\n\n<p class=\"has-text-align-right\">\u2013\u00a0nd, 01.11.2024 <a href=\"https:\/\/www.nd-aktuell.de\/artikel\/1186425.bundesregierung-selbstbestimmungsgesetz-zeichen-von-disziplin-und-privatisierung.html\" target=\"_blank\" rel=\"noreferrer noopener\">Zum Artikel ><\/a><\/p>\n<\/div><\/div>\n\n\n\n<div class=\"wp-block-group\"><div class=\"wp-block-group__inner-container is-layout-constrained wp-block-group-is-layout-constrained\">\n<h2 class=\"wp-block-heading\">Von SBSG<\/h2>\n\n\n\n<p>Lena Bauer: Interview mit Luce deLire \u201eDie Geschlechter denen, die drin wohnen\u201c \u2013 Gunda-Werner-Institut in der Heinrich-B\u00f6ll-Stiftung, 04.11.2024 <a href=\"https:\/\/www.gwi-boell.de\/de\/2024\/11\/04\/die-geschlechter-denen-die-drin-wohnen\" target=\"_blank\" rel=\"noreferrer noopener\">Zum Artikel ><\/a><\/p>\n\n\n\n<p>Juliana Franke und Luce deLire: \u201eSelbstbestimmungsgesetz: Zeichen von Disziplin und Privatisierung\u201c \u2013 nd, 01.11.2024 <a href=\"https:\/\/www.nd-aktuell.de\/artikel\/1186425.bundesregierung-selbstbestimmungsgesetz-zeichen-von-disziplin-und-privatisierung.html\" target=\"_blank\" rel=\"noreferrer noopener\">Zum Artikel &gt;<\/a><\/p>\n\n\n\n<p>Julianas Interview mit junge Welt: \u201eEin Zivil- und ein Milit\u00e4rgeschlecht\u201c \u2013 junge Welt, 01.11.2024 <a href=\"https:\/\/www.jungewelt.de\/artikel\/486985.selbstbestimmungsgesetz-ein-zivil-und-ein-milit%C3%A4rgeschlecht.html\" data-type=\"link\" data-id=\"https:\/\/www.jungewelt.de\/artikel\/486985.selbstbestimmungsgesetz-ein-zivil-und-ein-milit%C3%A4rgeschlecht.html\">Zum Artikel ><\/a><\/p>\n\n\n\n<p>Juliana Franke: \u201eBathroom Bill meets Self-determined Gender Marker Change \u2013 The German \u2018Selbstbestimmungsgesetz\u2019\u201d \u2013 Youtube, 08.03.2024 <a href=\"https:\/\/www.youtube.com\/watch?v=Ukp0evLMEUE&amp;t=1172s&amp;ab_channel=UnrulyJuli\" target=\"_blank\" rel=\"noreferrer noopener\">Zum Video ><\/a><\/p>\n\n\n\n<p>Pajam Masoumi: \u201eDas Selbstbestimmungsgesetz ist ein Angstgesetz\u201c \u2013 Interview mit Selbstbestimmung Selbst gemacht, Analyse &amp; Kritik, 01.02.2024 <a href=\"https:\/\/www.akweb.de\/politik\/das-selbstbestimmungsgesetz-der-ampelkoalition-ist-ein-angstgesetz\/\" target=\"_blank\" rel=\"noreferrer noopener\">Zum Artikel ><\/a><\/p>\n\n\n\n<p>Mine Pleasure Bouvar: \u201eWas lange w\u00e4hrt wird Schei\u00dfe\u201c \u2013 Analyse &amp; Kritik, 19.09.2023 <a href=\"https:\/\/www.akweb.de\/politik\/selbstbestimmungsgesetz-was-lange-waehrt-wird-scheisse\/\" target=\"_blank\" rel=\"noreferrer noopener\">Zum Artikel &gt;<\/a><\/p>\n\n\n\n<p>Juliana Franke: \u201eWas aus dem Selbstbestimmungsgesetz geworden ist\u201c \u2013 Youtube, 05.09.2023 <a href=\"https:\/\/www.youtube.com\/watch?v=MUqY8J90vZM&amp;ab_channel=UnrulyJuli\" target=\"_blank\" rel=\"noreferrer noopener\">Zum Video ><\/a><\/p>\n\n\n\n<p>Mine Pleasure Bouvar: \u201eSelbstbetrug statt Selbstbestimmung\u201c \u2013 Analyse &amp; Kritik, 20.06.2023 <a href=\"https:\/\/www.akweb.de\/politik\/selbstbestimmungsgesetz-sbgg-tsg-trans-inter-personen-kritik\/\" target=\"_blank\" rel=\"noreferrer noopener\">Zum Artikel ><\/a><\/p>\n\n\n\n<p>Mine Pleasure Bouvar: \u201eWarten auf\u2019s Weniger Fremdbestimmungsgesetz\u201c \u2013 Analyse &amp; Kritik, 18.04.2023 <a href=\"https:\/\/www.akweb.de\/politik\/tsg-selbstbestimmungsgesetz-warten-aufs-weniger-fremdbestimmungsgesetz\/\" target=\"_blank\" rel=\"noreferrer noopener\">Zum Artikel ><\/a><\/p>\n<\/div><\/div>\n\n\n\n<div class=\"wp-block-group\"><div class=\"wp-block-group__inner-container is-layout-constrained wp-block-group-is-layout-constrained\">\n<h2 class=\"wp-block-heading\">\u00dcber SBSG<\/h2>\n\n\n\n<p>Nora Eckert: \u201eDie Verteidigungs\u00adf\u00e4higkeit von trans Frauen\u201c \u2013 Queer.de, 02.11.2024 <a href=\"https:\/\/www.queer.de\/detail.php?article_id=51507\" target=\"_blank\" rel=\"noreferrer noopener\">Zum Artikel &gt;<\/a><\/p>\n\n\n\n<p>Katharina Heflik: \u201eNeues Selbstbestimmungsgesetz: Fortschrittlich, frauenfeindlich oder transfeindlich?\u201c \u2013 Berliner Zeitung, 1.11.2024 <a href=\"https:\/\/www.berliner-zeitung.de\/mensch-metropole\/neues-selbstbestimmungsgesetz-fortschrittlich-frauenfeindlich-oder-transfeindlich-li.2267972?origin=serp_auto\" data-type=\"link\" data-id=\"https:\/\/www.berliner-zeitung.de\/mensch-metropole\/neues-selbstbestimmungsgesetz-fortschrittlich-frauenfeindlich-oder-transfeindlich-li.2267972?origin=serp_auto\" target=\"_blank\" rel=\"noreferrer noopener\">Zum Artikel &gt;<\/a><\/p>\n\n\n\n<p>\u201eTag X f\u00fcr die Selbstbestimmung\u201c \u2013 taz, 1.11.2024 <a href=\"https:\/\/taz.de\/Selbstbestimmungsgesetz-tritt-in-Kraft\/!6046447\/\" target=\"_blank\" rel=\"noreferrer noopener\">Zum Artikel &gt;<\/a><\/p>\n\n\n\n<p>\u201eQueer-Lobby dreht vollkommen durch\u201c \u2013 Opposition 24, 12.06.2024 <a href=\"https:\/\/opposition24.com\/politik\/queer-lobby-dreht-vollkommen-durch\/\" target=\"_blank\" rel=\"noreferrer noopener\">Zum Artikel &gt;<\/a><\/p>\n\n\n\n<p>Jakob Hayner: \u201eDie Illusion der Selbstbestimmung\u201c \u2013 WELT.de, 04.06.2024 <a href=\"https:\/\/archive.is\/2024.06.04-142133\/https:\/\/www.welt.de\/kultur\/plus251785788\/Selbstbestimmungsgesetz-Die-Illusion-der-Freiheit.html\" target=\"_blank\" rel=\"noreferrer noopener\">Zum Artikel ><\/a><\/p>\n\n\n\n<p>Viviane Menges \u2013 \u201eB\u00fcndis demosntriert mit mobiler Sauna f\u00fcr rechte von Trans* Personen\u201c \u2013 Radio Eins, 02.02.2024 <a href=\"https:\/\/www.radioeins.de\/programm\/sendungen\/die_schoene_woche\/_\/buendnis-selbstbestimmung-selbst-gemacht-mobile-sauna-vor-bundes.html\" target=\"_blank\" rel=\"noreferrer noopener\">Zum Artikel &gt;<\/a><\/p>\n\n\n\n<p>Marie Frank \u2013 \u201eSchwitzen f\u00fcr die Selbstbestimmung\u201c \u2013 taz, 02.02.2024 <a href=\"https:\/\/taz.de\/Sauna-vor-dem-Bundestag\/!5989885\/\" target=\"_blank\" rel=\"noreferrer noopener\">Zum Artikel &gt;<\/a><\/p>\n\n\n\n<p>Queer.de \u2013 Klaus Lederer im Interview u.a. zu Selbstbestimmung Selbst Gemacht \u2013 queer.de am 10.12.2023 <a href=\"https:\/\/www.queer.de\/detail.php?article_id=47819\" target=\"_blank\" rel=\"noreferrer noopener\">Zum Artikel &gt;<\/a><\/p>\n\n\n\n<p>K kater \u2013 \u201eAlternativer Entwurf eines Selbstbestimmungsgesetzes\u201c \u2013 Freie Radios, 15.11.2023 <a href=\"https:\/\/www.freie-radios.net\/125194\" target=\"_blank\" rel=\"noreferrer noopener\">Zur Tonaufnahme &gt;<\/a><\/p>\n\n\n\n<p>Nicole Opitz \u2013 \u201eKein Kompromiss f\u00fcr alle\u201c \u2013 taz, 14.11.2023 <a href=\"https:\/\/taz.de\/Selbstbestimmungsgesetz-im-Bundestag\/!5973044\/\" target=\"_blank\" rel=\"noreferrer noopener\">Zum Artikel &gt;<\/a>&nbsp;<\/p>\n\n\n\n<h3 class=\"wp-block-heading\">Queerokratia<\/h3>\n\n\n\n<p>Nora Eckert: \u201eDas missgl\u00fcckte SBGG als Papierm\u00fcll-Teppich im Caf\u00e9\u201c \u2013 Queer.de, 03.06.2024 <a href=\"https:\/\/www.queer.de\/detail.php?article_id=49773\" target=\"_blank\" rel=\"noreferrer noopener\">Zum Artikel &gt;<\/a><\/p>\n\n\n\n<p>\u201eZerkn\u00fcllt am Boden\u201c \u2013 taz, 03.06.2024 <a href=\"https:\/\/taz.de\/Konferenz-zum-Selbstbestimmungsgesetz\/!6015026\/\" data-type=\"link\" data-id=\"https:\/\/www.nd-aktuell.de\/artikel\/1182630.selbstbestimmungsgesetz-der-traum-von-der-queerokratie.html\" target=\"_blank\" rel=\"noreferrer noopener\">Zum Artikel &gt;<\/a><\/p>\n\n\n\n<p>Anton Benz: \u201eDer Traum von der Queerokratie\u201c \u2013 nd, 02.06.2024 <a href=\"https:\/\/www.nd-aktuell.de\/artikel\/1182630.selbstbestimmungsgesetz-der-traum-von-der-queerokratie.html\" data-type=\"link\" data-id=\"https:\/\/www.nd-aktuell.de\/artikel\/1182630.selbstbestimmungsgesetz-der-traum-von-der-queerokratie.html\" target=\"_blank\" rel=\"noreferrer noopener\">Zum Artikel &gt;<\/a><\/p>\n\n\n\n<p>\u201eGeschlechtsm\u00fcndigkeit f\u00fcr alle\u201c, Ein Gespr\u00e4ch mit Luce deLire, Juliana Franke und Lola \u2013 junge Welt, 31.05.2024 <a href=\"https:\/\/www.jungewelt.de\/loginFailed.php?ref=\/artikel\/476384.selbstbestimmung-geschlechtsm%C3%BCndigkeit-f%C3%BCr-alle.html\" data-type=\"link\" data-id=\"https:\/\/www.jungewelt.de\/loginFailed.php?ref=\/artikel\/476384.selbstbestimmung-geschlechtsm%C3%BCndigkeit-f%C3%BCr-alle.html\" target=\"_blank\" rel=\"noreferrer noopener\">Zum Artikel &gt;<\/a><\/p>\n<\/div><\/div>\n\n\n\n<div class=\"wp-block-group\"><div class=\"wp-block-group__inner-container is-layout-constrained wp-block-group-is-layout-constrained\">\n<h2 class=\"wp-block-heading\">Weiteres<\/h2>\n\n\n\n<h3 class=\"wp-block-heading\">Gesellschaftspolitik<\/h3>\n\n\n\n<p>Luce deLire: \u201eCan the Transsexual Speak?\u201d, philoSOPHIA: Journal of Transcontinental Feminism, Special Issue on Intersectionality Today, Februar 2024 <a href=\"https:\/\/muse.jhu.edu\/pub\/163\/article\/919597\/pdf\" target=\"_blank\" rel=\"noreferrer noopener\">Zum Artikel &gt;<\/a>&nbsp;<\/p>\n\n\n\n<h3 class=\"wp-block-heading\">Gesundheitspolitik<\/h3>\n\n\n\n<p>Mine Pleasure Bouvar: \u201eQueere Gesundheit als Klassenfrage\u201c \u2013 Missy Magazine, 08.01.2024 <a href=\"https:\/\/missy-magazine.de\/blog\/2024\/01\/08\/queere-gesundheit-bleibt-eine-klassenfrage\/\" target=\"_blank\" rel=\"noreferrer noopener\">Zum Artikel &gt;<\/a><\/p>\n\n\n\n<h3 class=\"wp-block-heading\">Rechtsruck<\/h3>\n\n\n\n<p>Mine Pleasure Bouvar: \u201eGenderkritischer Feminismus und die Rechte\u201c \u2013 Zeitschrift Luxemburg, August 2023 <a href=\"https:\/\/zeitschrift-luxemburg.de\/artikel\/genderkritischer-feminismus\/\" target=\"_blank\" rel=\"noreferrer noopener\">Zum Aritkel &gt;<\/a><\/p>\n<\/div><\/div>\n","protected":false},"excerpt":{"rendered":"<p>Juliana Franke und Luce deLire: \u201eSelbstbestimmungsgesetz: Zeichen von Disziplin und Privatisierung\u201c \u2013\u00a0nd, 01.11.2024 Zum Artikel > Von SBSG Lena Bauer: Interview mit Luce<\/p>\n","protected":false},"author":1,"featured_media":0,"parent":0,"menu_order":0,"comment_status":"closed","ping_status":"closed","template":"","meta":{"_acf_changed":false,"footnotes":""},"class_list":["post-25","page","type-page","status-publish","hentry"],"acf":[],"_links":{"self":[{"href":"https:\/\/queerokratia.de\/de\/wp-json\/wp\/v2\/pages\/25","targetHints":{"allow":["GET"]}}],"collection":[{"href":"https:\/\/queerokratia.de\/de\/wp-json\/wp\/v2\/pages"}],"about":[{"href":"https:\/\/queerokratia.de\/de\/wp-json\/wp\/v2\/types\/page"}],"author":[{"embeddable":true,"href":"https:\/\/queerokratia.de\/de\/wp-json\/wp\/v2\/users\/1"}],"replies":[{"embeddable":true,"href":"https:\/\/queerokratia.de\/de\/wp-json\/wp\/v2\/comments?post=25"}],"version-history":[{"count":44,"href":"https:\/\/queerokratia.de\/de\/wp-json\/wp\/v2\/pages\/25\/revisions"}],"predecessor-version":[{"id":745,"href":"https:\/\/queerokratia.de\/de\/wp-json\/wp\/v2\/pages\/25\/revisions\/745"}],"wp:attachment":[{"href":"https:\/\/queerokratia.de\/de\/wp-json\/wp\/v2\/media?parent=25"}],"curies":[{"name":"wp","href":"https:\/\/api.w.org\/{rel}","templated":true}]}}