{"id":94,"date":"2024-04-02T17:01:38","date_gmt":"2024-04-02T17:01:38","guid":{"rendered":"https:\/\/queerokratia.de\/?page_id=94"},"modified":"2026-02-18T19:58:33","modified_gmt":"2026-02-18T19:58:33","slug":"ueber-uns","status":"publish","type":"page","link":"https:\/\/queerokratia.de\/de\/ueber-uns\/","title":{"rendered":"\u00dcber uns"},"content":{"rendered":"\n<div class=\"wp-block-columns is-layout-flex wp-container-core-columns-is-layout-28f84493 wp-block-columns-is-layout-flex\">\n<div class=\"wp-block-column is-layout-flow wp-block-column-is-layout-flow\">\n<p>Wir sind Selbstbestimmung Selbstgemacht (SBSG). Selbstbestimmung wird einer* nicht geschenkt, Selbstbestimmung wird zugelassen. Damit wir trans*, inter*, enbys und queers selbstbestimmt leben k\u00f6nnen, fordern wir von der Bundesregierung die Anerkennung der Geschlechtsm\u00fcndigkeit aller Menschen. Das k\u00fcrzlich verabschiedete Selbstbestimmungsgesetz reicht daf\u00fcr nicht aus und l\u00e4uft diesem Ziel teils zuwider. Um zu zeigen, wie es geht, haben wir unser eigenes Selbstbestimmungsgesetz geschrieben. Au\u00dferdem begleiten wir die menschenfeindlichen \u201cDebatten\u201d, die \u00fcber unsere K\u00f6pfe hinweg gef\u00fchrt werden, mit Interventionen, wie der Sauna vor dem Bundestag.<\/p>\n\n\n\n<p>Die Geschlechter denen, die drin wohnen!<\/p>\n\n\n\n<p>Wir sind eine selbstorganisierte Gruppe politisch engagierter trans* und nicht-bin\u00e4rer Personen, die zu politischer Selbstbestimmung von trans*, inter und nicht-bin\u00e4ren Personen arbeitet. Die Auseinandersetzung mit politischer Selbstbestimmung verkn\u00fcpfen wir dabei mit Fragen nach Demokratie-F\u00f6rderung vs. Entdemokratisierung und Rechtsruck, Eigentumsverh\u00e4ltnissen und Repr\u00e4sentativer vs. Materieller Gerechtigkeit.<\/p>\n\n\n\n<blockquote class=\"wp-block-quote is-layout-flow wp-block-quote-is-layout-flow\">\n<p><\/p>\n<\/blockquote>\n\n\n\n<p><\/p>\n\n\n\n<div class=\"wp-block-buttons is-layout-flex wp-block-buttons-is-layout-flex\">\n<div class=\"wp-block-button arrow\"><a class=\"wp-block-button__link wp-element-button\" href=\"https:\/\/queerokratia.de\/presse\/\">Zur Presse<\/a><\/div>\n<\/div>\n<\/div>\n\n\n\n<div class=\"wp-block-column is-vertically-aligned-top is-layout-flow wp-block-column-is-layout-flow\"><div class=\"n2-section-smartslider fitvidsignore  n2_clear\" data-ssid=\"3\"><div id=\"n2-ss-3-align\" class=\"n2-ss-align\"><div class=\"n2-padding\"><div id=\"n2-ss-3\" data-creator=\"Smart Slider 3\" data-responsive=\"auto\" class=\"n2-ss-slider n2-ow n2-has-hover n2notransition  \">\n\n\n\n\n\n<div class=\"n2-ss-slider-wrapper-outside\" style=\"grid-template-rows:1fr auto\">\n        <div class=\"n2-ss-slider-1 n2_ss__touch_element n2-ow\">\n            <div class=\"n2-ss-slider-2 n2-ow\">\n                                                <div class=\"n2-ss-slider-3 n2-ow\">\n\n                    <div class=\"n2-ss-slide-backgrounds n2-ow-all\"><div class=\"n2-ss-slide-background\" data-public-id=\"1\" data-mode=\"fit\"><div class=\"n2-ss-slide-background-image\" data-blur=\"0\" data-opacity=\"100\" data-x=\"50\" data-y=\"50\" data-alt=\"\" data-title=\"\"><picture class=\"skip-lazy\" data-skip-lazy=\"1\"><img decoding=\"async\" src=\"\/\/queerokratia.de\/wp-content\/uploads\/slider\/cache\/874d17465663e909ae342e3cbb85c8f8\/juli.jpg\" alt=\"\" title=\"\" loading=\"lazy\" class=\"skip-lazy\" data-skip-lazy=\"1\"><\/picture><\/div><div data-color=\"RGBA(255,255,255,0)\" style=\"background-color: RGBA(255,255,255,0);\" class=\"n2-ss-slide-background-color\"><\/div><\/div><div class=\"n2-ss-slide-background\" data-public-id=\"2\" data-mode=\"fit\" aria-hidden=\"true\"><div class=\"n2-ss-slide-background-image\" data-blur=\"0\" data-opacity=\"100\" data-x=\"50\" data-y=\"50\" data-alt=\"\" data-title=\"\"><picture class=\"skip-lazy\" data-skip-lazy=\"1\"><img decoding=\"async\" src=\"\/\/queerokratia.de\/wp-content\/uploads\/slider\/cache\/ffb9dfa2ebdf150caf931618067f9745\/signal-2024-11-30-012547_007.jpg\" alt=\"\" title=\"\" loading=\"lazy\" class=\"skip-lazy\" data-skip-lazy=\"1\"><\/picture><\/div><div data-color=\"RGBA(255,255,255,0)\" style=\"background-color: RGBA(255,255,255,0);\" class=\"n2-ss-slide-background-color\"><\/div><\/div><div class=\"n2-ss-slide-background\" data-public-id=\"3\" data-mode=\"fit\" aria-hidden=\"true\"><div class=\"n2-ss-slide-background-image\" data-blur=\"0\" data-opacity=\"100\" data-x=\"50\" data-y=\"50\" data-alt=\"\" data-title=\"\"><picture class=\"skip-lazy\" data-skip-lazy=\"1\"><img decoding=\"async\" src=\"\/\/queerokratia.de\/wp-content\/uploads\/slider\/cache\/5b26c912abecbd32c0d9c98b02d9484e\/signal-2024-11-30-012547_003.jpg\" alt=\"\" title=\"\" loading=\"lazy\" class=\"skip-lazy\" data-skip-lazy=\"1\"><\/picture><\/div><div data-color=\"RGBA(255,255,255,0)\" style=\"background-color: RGBA(255,255,255,0);\" class=\"n2-ss-slide-background-color\"><\/div><\/div><div class=\"n2-ss-slide-background\" data-public-id=\"4\" data-mode=\"fit\" aria-hidden=\"true\"><div class=\"n2-ss-slide-background-image\" data-blur=\"0\" data-opacity=\"100\" data-x=\"50\" data-y=\"50\" data-alt=\"\" data-title=\"\"><picture class=\"skip-lazy\" data-skip-lazy=\"1\"><img decoding=\"async\" src=\"\/\/queerokratia.de\/wp-content\/uploads\/slider\/cache\/5a195c9bcc831708131879e6c9037412\/signal-2024-11-30-012547_002.jpg\" alt=\"\" title=\"\" loading=\"lazy\" class=\"skip-lazy\" data-skip-lazy=\"1\"><\/picture><\/div><div data-color=\"RGBA(255,255,255,0)\" style=\"background-color: RGBA(255,255,255,0);\" class=\"n2-ss-slide-background-color\"><\/div><\/div><div class=\"n2-ss-slide-background\" data-public-id=\"5\" data-mode=\"fit\" aria-hidden=\"true\"><div class=\"n2-ss-slide-background-image\" data-blur=\"0\" data-opacity=\"100\" data-x=\"50\" data-y=\"50\" data-alt=\"\" data-title=\"\"><picture class=\"skip-lazy\" data-skip-lazy=\"1\"><img decoding=\"async\" src=\"\/\/queerokratia.de\/wp-content\/uploads\/slider\/cache\/7978bd3c73c17600f9f54de5ee6cc5e6\/signal-2024-11-30-012547_006.jpg\" alt=\"\" title=\"\" loading=\"lazy\" class=\"skip-lazy\" data-skip-lazy=\"1\"><\/picture><\/div><div data-color=\"RGBA(255,255,255,0)\" style=\"background-color: RGBA(255,255,255,0);\" class=\"n2-ss-slide-background-color\"><\/div><\/div><div class=\"n2-ss-slide-background\" data-public-id=\"6\" data-mode=\"fit\" aria-hidden=\"true\"><div class=\"n2-ss-slide-background-image\" data-blur=\"0\" data-opacity=\"100\" data-x=\"50\" data-y=\"50\" data-alt=\"\" data-title=\"\"><picture class=\"skip-lazy\" data-skip-lazy=\"1\"><img decoding=\"async\" src=\"\/\/queerokratia.de\/wp-content\/uploads\/slider\/cache\/72df1b5ce10ffbc95de67ad91b26ba3a\/signal-2024-11-30-012547_008.jpg\" alt=\"\" title=\"\" loading=\"lazy\" class=\"skip-lazy\" data-skip-lazy=\"1\"><\/picture><\/div><div data-color=\"RGBA(255,255,255,0)\" style=\"background-color: RGBA(255,255,255,0);\" class=\"n2-ss-slide-background-color\"><\/div><\/div><div class=\"n2-ss-slide-background\" data-public-id=\"7\" data-mode=\"fit\" aria-hidden=\"true\"><div class=\"n2-ss-slide-background-image\" data-blur=\"0\" data-opacity=\"100\" data-x=\"50\" data-y=\"50\" data-alt=\"\" data-title=\"\"><picture class=\"skip-lazy\" data-skip-lazy=\"1\"><img decoding=\"async\" src=\"\/\/queerokratia.de\/wp-content\/uploads\/slider\/cache\/63f7eb42b30bff5e52f597b087929211\/signal-2024-11-30-012547_004.jpg\" alt=\"\" title=\"\" loading=\"lazy\" class=\"skip-lazy\" data-skip-lazy=\"1\"><\/picture><\/div><div data-color=\"RGBA(255,255,255,0)\" style=\"background-color: RGBA(255,255,255,0);\" class=\"n2-ss-slide-background-color\"><\/div><\/div><div class=\"n2-ss-slide-background\" data-public-id=\"8\" data-mode=\"fit\" aria-hidden=\"true\"><div class=\"n2-ss-slide-background-image\" data-blur=\"0\" data-opacity=\"100\" data-x=\"50\" data-y=\"50\" data-alt=\"\" data-title=\"\"><picture class=\"skip-lazy\" data-skip-lazy=\"1\"><img decoding=\"async\" src=\"\/\/queerokratia.de\/wp-content\/uploads\/slider\/cache\/107042b78921214e100cb84b9ff97d4e\/signal-2024-11-30-012547_005.jpg\" alt=\"\" title=\"\" loading=\"lazy\" class=\"skip-lazy\" data-skip-lazy=\"1\"><\/picture><\/div><div data-color=\"RGBA(255,255,255,0)\" style=\"background-color: RGBA(255,255,255,0);\" class=\"n2-ss-slide-background-color\"><\/div><\/div><\/div>                    <div class=\"n2-ss-slider-4 n2-ow\">\n                        <svg xmlns=\"http:\/\/www.w3.org\/2000\/svg\" viewBox=\"0 0 1200 600\" data-related-device=\"desktopPortrait\" class=\"n2-ow n2-ss-preserve-size n2-ss-preserve-size--slider n2-ss-slide-limiter\"><\/svg><div data-first=\"1\" data-slide-duration=\"0\" data-id=\"83\" data-slide-public-id=\"1\" data-title=\"juli\" class=\"n2-ss-slide n2-ow  n2-ss-slide-83\"><div role=\"note\" class=\"n2-ss-slide--focus\" tabindex=\"-1\">juli<\/div><div class=\"n2-ss-layers-container n2-ss-slide-limiter n2-ow\"><div class=\"n2-ss-layer n2-ow n-uc-i44G0IEmVSIv\" data-sstype=\"slide\" data-pm=\"default\"><\/div><\/div><\/div><div data-slide-duration=\"0\" data-id=\"25\" data-slide-public-id=\"2\" aria-hidden=\"true\" data-title=\"signal-2024-11-30-012547_007\" class=\"n2-ss-slide n2-ow  n2-ss-slide-25\"><div role=\"note\" class=\"n2-ss-slide--focus\" tabindex=\"-1\">signal-2024-11-30-012547_007<\/div><div class=\"n2-ss-layers-container n2-ss-slide-limiter n2-ow\"><div class=\"n2-ss-layer n2-ow n-uc-9twFQfFrDxC0\" data-sstype=\"slide\" data-pm=\"default\"><\/div><\/div><\/div><div data-slide-duration=\"0\" data-id=\"21\" data-slide-public-id=\"3\" aria-hidden=\"true\" data-title=\"signal-2024-11-30-012547_003\" class=\"n2-ss-slide n2-ow  n2-ss-slide-21\"><div role=\"note\" class=\"n2-ss-slide--focus\" tabindex=\"-1\">signal-2024-11-30-012547_003<\/div><div class=\"n2-ss-layers-container n2-ss-slide-limiter n2-ow\"><div class=\"n2-ss-layer n2-ow n-uc-VbkmsLCIDeDX\" data-sstype=\"slide\" data-pm=\"default\"><\/div><\/div><\/div><div data-slide-duration=\"0\" data-id=\"20\" data-slide-public-id=\"4\" aria-hidden=\"true\" data-title=\"signal-2024-11-30-012547_002\" class=\"n2-ss-slide n2-ow  n2-ss-slide-20\"><div role=\"note\" class=\"n2-ss-slide--focus\" tabindex=\"-1\">signal-2024-11-30-012547_002<\/div><div class=\"n2-ss-layers-container n2-ss-slide-limiter n2-ow\"><div class=\"n2-ss-layer n2-ow n-uc-8u1z5mAThbQM\" data-sstype=\"slide\" data-pm=\"default\"><\/div><\/div><\/div><div data-slide-duration=\"0\" data-id=\"24\" data-slide-public-id=\"5\" aria-hidden=\"true\" data-title=\"signal-2024-11-30-012547_006\" class=\"n2-ss-slide n2-ow  n2-ss-slide-24\"><div role=\"note\" class=\"n2-ss-slide--focus\" tabindex=\"-1\">signal-2024-11-30-012547_006<\/div><div class=\"n2-ss-layers-container n2-ss-slide-limiter n2-ow\"><div class=\"n2-ss-layer n2-ow n-uc-fmmZ9qOJdzcq\" data-sstype=\"slide\" data-pm=\"default\"><\/div><\/div><\/div><div data-slide-duration=\"0\" data-id=\"27\" data-slide-public-id=\"6\" aria-hidden=\"true\" data-title=\"signal-2024-11-30-012547_008\" class=\"n2-ss-slide n2-ow  n2-ss-slide-27\"><div role=\"note\" class=\"n2-ss-slide--focus\" tabindex=\"-1\">signal-2024-11-30-012547_008<\/div><div class=\"n2-ss-layers-container n2-ss-slide-limiter n2-ow\"><div class=\"n2-ss-layer n2-ow n-uc-YY82PZGXsLEn\" data-sstype=\"slide\" data-pm=\"default\"><\/div><\/div><\/div><div data-slide-duration=\"0\" data-id=\"23\" data-slide-public-id=\"7\" aria-hidden=\"true\" data-title=\"signal-2024-11-30-012547_004\" class=\"n2-ss-slide n2-ow  n2-ss-slide-23\"><div role=\"note\" class=\"n2-ss-slide--focus\" tabindex=\"-1\">signal-2024-11-30-012547_004<\/div><div class=\"n2-ss-layers-container n2-ss-slide-limiter n2-ow\"><div class=\"n2-ss-layer n2-ow n-uc-nobRWGyL1P5B\" data-sstype=\"slide\" data-pm=\"default\"><\/div><\/div><\/div><div data-slide-duration=\"0\" data-id=\"22\" data-slide-public-id=\"8\" aria-hidden=\"true\" data-title=\"signal-2024-11-30-012547_005\" class=\"n2-ss-slide n2-ow  n2-ss-slide-22\"><div role=\"note\" class=\"n2-ss-slide--focus\" tabindex=\"-1\">signal-2024-11-30-012547_005<\/div><div class=\"n2-ss-layers-container n2-ss-slide-limiter n2-ow\"><div class=\"n2-ss-layer n2-ow n-uc-4EH9lmSZs7qT\" data-sstype=\"slide\" data-pm=\"default\"><\/div><\/div><\/div>                    <\/div>\n\n                                    <\/div>\n            <\/div>\n        <\/div>\n        <div class=\"n2-ss-slider-controls n2-ss-slider-controls-below\"><div data-width-percent=\"100\" class=\"n2-ss-widget nextend-thumbnail nextend-thumbnail-default nextend-thumbnail-horizontal n2-ow-all\" style=\"width:100%;\" data-has-next=\"0\" data-has-previous=\"0\"><div class=\"nextend-thumbnail-inner n2-style-9d09e9e6a9c40e355d27cd89c1f6ab51-simple \"><div class=\"nextend-thumbnail-scroller n2-align-content-center\" style=\"grid-template-rows:repeat(1, 1fr)\"><div class=\"n2-thumbnail-dot n2-style-78705410650ec334385034c4fb5af1f4-dot \" data-slide-public-id=\"1\" role=\"button\" aria-label=\"juli\" tabindex=\"0\"><picture class=\"skip-lazy\" data-skip-lazy=\"1\"><img decoding=\"async\" alt=\"juli\" src=\"https:\/\/queerokratia.de\/wp-content\/uploads\/slider\/cache\/f052dc8852f47a02569c22f6c845e1b0\/juli.jpg\" width=\"100\" height=\"100\" loading=\"lazy\" class=\"skip-lazy\" data-skip-lazy=\"1\" \/><\/picture><\/div><div class=\"n2-thumbnail-dot n2-style-78705410650ec334385034c4fb5af1f4-dot \" data-slide-public-id=\"2\" role=\"button\" aria-label=\"signal-2024-11-30-012547_007\" tabindex=\"0\"><picture class=\"skip-lazy\" data-skip-lazy=\"1\"><img decoding=\"async\" alt=\"signal-2024-11-30-012547_007\" src=\"https:\/\/queerokratia.de\/wp-content\/uploads\/slider\/cache\/bd0c38c9a9380b30f518d937e6bbe3ea\/signal-2024-11-30-012547_007.jpg\" width=\"100\" height=\"100\" loading=\"lazy\" class=\"skip-lazy\" data-skip-lazy=\"1\" \/><\/picture><\/div><div class=\"n2-thumbnail-dot n2-style-78705410650ec334385034c4fb5af1f4-dot \" data-slide-public-id=\"3\" role=\"button\" aria-label=\"signal-2024-11-30-012547_003\" tabindex=\"0\"><picture class=\"skip-lazy\" data-skip-lazy=\"1\"><img decoding=\"async\" alt=\"signal-2024-11-30-012547_003\" src=\"https:\/\/queerokratia.de\/wp-content\/uploads\/slider\/cache\/0d979c54918fb25e457affc0b43e5bcf\/signal-2024-11-30-012547_003.jpg\" width=\"100\" height=\"100\" loading=\"lazy\" class=\"skip-lazy\" data-skip-lazy=\"1\" \/><\/picture><\/div><div class=\"n2-thumbnail-dot n2-style-78705410650ec334385034c4fb5af1f4-dot \" data-slide-public-id=\"4\" role=\"button\" aria-label=\"signal-2024-11-30-012547_002\" tabindex=\"0\"><picture class=\"skip-lazy\" data-skip-lazy=\"1\"><img decoding=\"async\" alt=\"signal-2024-11-30-012547_002\" src=\"https:\/\/queerokratia.de\/wp-content\/uploads\/slider\/cache\/4e9cfcc413e39f01887a640655b96eab\/signal-2024-11-30-012547_002.jpg\" width=\"100\" height=\"100\" loading=\"lazy\" class=\"skip-lazy\" data-skip-lazy=\"1\" \/><\/picture><\/div><div class=\"n2-thumbnail-dot n2-style-78705410650ec334385034c4fb5af1f4-dot \" data-slide-public-id=\"5\" role=\"button\" aria-label=\"signal-2024-11-30-012547_006\" tabindex=\"0\"><picture class=\"skip-lazy\" data-skip-lazy=\"1\"><img decoding=\"async\" alt=\"signal-2024-11-30-012547_006\" src=\"https:\/\/queerokratia.de\/wp-content\/uploads\/slider\/cache\/f9980b7840a2b08b6b2bd3d98c53aadd\/signal-2024-11-30-012547_006.jpg\" width=\"100\" height=\"100\" loading=\"lazy\" class=\"skip-lazy\" data-skip-lazy=\"1\" \/><\/picture><\/div><div class=\"n2-thumbnail-dot n2-style-78705410650ec334385034c4fb5af1f4-dot \" data-slide-public-id=\"6\" role=\"button\" aria-label=\"signal-2024-11-30-012547_008\" tabindex=\"0\"><picture class=\"skip-lazy\" data-skip-lazy=\"1\"><img decoding=\"async\" alt=\"signal-2024-11-30-012547_008\" src=\"https:\/\/queerokratia.de\/wp-content\/uploads\/slider\/cache\/85739371e58fc1ac8f37760a928a67b5\/signal-2024-11-30-012547_008.jpg\" width=\"100\" height=\"100\" loading=\"lazy\" class=\"skip-lazy\" data-skip-lazy=\"1\" \/><\/picture><\/div><div class=\"n2-thumbnail-dot n2-style-78705410650ec334385034c4fb5af1f4-dot \" data-slide-public-id=\"7\" role=\"button\" aria-label=\"signal-2024-11-30-012547_004\" tabindex=\"0\"><picture class=\"skip-lazy\" data-skip-lazy=\"1\"><img decoding=\"async\" alt=\"signal-2024-11-30-012547_004\" src=\"https:\/\/queerokratia.de\/wp-content\/uploads\/slider\/cache\/50cae49eb26569facd7a95f25aac9502\/signal-2024-11-30-012547_004.jpg\" width=\"100\" height=\"100\" loading=\"lazy\" class=\"skip-lazy\" data-skip-lazy=\"1\" \/><\/picture><\/div><div class=\"n2-thumbnail-dot n2-style-78705410650ec334385034c4fb5af1f4-dot \" data-slide-public-id=\"8\" role=\"button\" aria-label=\"signal-2024-11-30-012547_005\" tabindex=\"0\"><picture class=\"skip-lazy\" data-skip-lazy=\"1\"><img decoding=\"async\" alt=\"signal-2024-11-30-012547_005\" src=\"https:\/\/queerokratia.de\/wp-content\/uploads\/slider\/cache\/2b989cf1c03a81d5107115d656434012\/signal-2024-11-30-012547_005.jpg\" width=\"100\" height=\"100\" loading=\"lazy\" class=\"skip-lazy\" data-skip-lazy=\"1\" \/><\/picture><\/div><\/div><\/div><div class=\"nextend-thumbnail-button nextend-thumbnail-previous\"><img decoding=\"async\" width=\"26\" height=\"26\" style=\"width:26px;transform:rotateZ(-90deg);\" loading=\"lazy\" class=\"skip-lazy\" data-skip-lazy=\"1\" src=\"data:image\/svg+xml;base64,PHN2ZyB3aWR0aD0iMjYiIGhlaWdodD0iMjYiIHhtbG5zPSJodHRwOi8vd3d3LnczLm9yZy8yMDAwL3N2ZyI+CiAgICA8ZyBmaWxsPSJub25lIiBmaWxsLXJ1bGU9ImV2ZW5vZGQiPgogICAgICAgIDxjaXJjbGUgc3Ryb2tlPSIjZmZmIiBzdHJva2Utd2lkdGg9IjIiIG9wYWNpdHk9Ii41IiBmaWxsPSIjMDAwIiBjeD0iMTMiIGN5PSIxMyIgcj0iMTIiLz4KICAgICAgICA8cGF0aCBkPSJNMTMuNDM1IDkuMTc4Yy0uMTI2LS4xMjEtLjI3LS4xODItLjQzNi0uMTgyLS4xNjQgMC0uMzA2LjA2MS0uNDI4LjE4MmwtNC4zOCA0LjE3NWMtLjEyNi4xMjEtLjE4OC4yNjItLjE4OC40MjQgMCAuMTYxLjA2Mi4zMDIuMTg4LjQyM2wuNjUuNjIyYy4xMjYuMTIxLjI3My4xODIuNDQxLjE4Mi4xNyAwIC4zMTQtLjA2MS40MzYtLjE4MmwzLjMxNC0zLjE2MSAzLjI0OSAzLjE2MWMuMTI2LjEyMS4yNjkuMTgyLjQzMi4xODIuMTY0IDAgLjMwNy0uMDYxLjQzMy0uMTgybC42NjItLjYyMmMuMTI2LS4xMjEuMTg5LS4yNjIuMTg5LS40MjMgMC0uMTYyLS4wNjMtLjMwMy0uMTg5LS40MjRsLTQuMzczLTQuMTc1eiIKICAgICAgICAgICAgICBmaWxsPSIjZmZmIi8+CiAgICA8L2c+Cjwvc3ZnPg==\" alt=\"previous arrow\"><\/div><div class=\"nextend-thumbnail-button nextend-thumbnail-next\"><img decoding=\"async\" width=\"26\" height=\"26\" style=\"width:26px;transform:rotateZ(-90deg);\" loading=\"lazy\" class=\"skip-lazy\" data-skip-lazy=\"1\" src=\"data:image\/svg+xml;base64,PHN2ZyB4bWxucz0iaHR0cDovL3d3dy53My5vcmcvMjAwMC9zdmciIHdpZHRoPSIyNiIgaGVpZ2h0PSIyNiI+CiAgICA8ZyBmaWxsPSJub25lIj4KICAgICAgICA8Y2lyY2xlIGN4PSIxMyIgY3k9IjEzIiByPSIxMiIgZmlsbD0iIzAwMCIgc3Ryb2tlPSIjZmZmIiBzdHJva2Utd2lkdGg9IjIiIG9wYWNpdHk9Ii41Ii8+CiAgICAgICAgPHBhdGggZmlsbD0iI2ZmZiIKICAgICAgICAgICAgICBkPSJNMTIuNTY1IDE2LjgyMmMuMTI2LjEyLjI3LjE4Mi40MzYuMTgyLjE2OCAwIC4zMS0uMDYuNDMtLjE4Mmw0LjM4LTQuMTc1Yy4xMjgtLjEyLjE5LS4yNjIuMTktLjQyNCAwLS4xNi0uMDYyLS4zMDItLjE5LS40MjNsLS42NS0uNjIyYy0uMTI1LS4xMi0uMjcyLS4xODItLjQ0LS4xODItLjE3IDAtLjMxNC4wNi0uNDM2LjE4MmwtMy4zMTQgMy4xNi0zLjI1LTMuMTZjLS4xMjYtLjEyLS4yNy0uMTgyLS40My0uMTgyLS4xNjYgMC0uMzEuMDYtLjQzNS4xODJsLS42NjIuNjIyYy0uMTI2LjEyLS4xOS4yNjItLjE5LjQyMyAwIC4xNjIuMDY0LjMwMy4xOS40MjRsNC4zNzMgNC4xNzV6Ii8+CiAgICA8L2c+Cjwvc3ZnPg==\" alt=\"next arrow\"><\/div><\/div><\/div><\/div><\/div><ss3-loader><\/ss3-loader><\/div><\/div><div class=\"n2_clear\"><\/div><\/div>\n\n\n<blockquote class=\"wp-block-quote is-layout-flow wp-block-quote-is-layout-flow\">\n<p>Subversion is not dead!<\/p>\n<\/blockquote>\n<\/div>\n<\/div>\n\n\n\n<div class=\"wp-block-columns timeline is-layout-flex wp-container-core-columns-is-layout-28f84493 wp-block-columns-is-layout-flex\">\n<div class=\"wp-block-column is-layout-flow wp-block-column-is-layout-flow\" style=\"flex-basis:33.33%\"><\/div>\n\n\n\n<div class=\"wp-block-column is-layout-flow wp-block-column-is-layout-flow\" style=\"flex-basis:66.66%\">\n<h2 class=\"wp-block-heading\">Timeline<\/h2>\n\n\n\n<h4 class=\"wp-block-heading\">Mai 2024<\/h4>\n\n\n\n<ul class=\"wp-block-list\">\n<li>30.05.-02.06.2024: Queerokratia!<\/li>\n\n\n\n<li>15.05.2024: Darmstadt, Technische Universit\u00e4t, \u201c<a href=\"https:\/\/twitter.com\/juli_unruly\/status\/1782399944986595641\">ANTI-TRANS Selbstbestimmung \u2013 Wie das Selbstbestimmungsgesetz transfeindlichen Interessen angepasst wurde<\/a>\u201d (Vortrag) <\/li>\n<\/ul>\n\n\n\n<h4 class=\"wp-block-heading\">April 2024<\/h4>\n\n\n\n<ul class=\"wp-block-list\">\n<li>27.04.2024: Lauterbach, Studienstiftung: &#8222;<a href=\"https:\/\/www.studienstiftung.de\/kalender\/programmlinien\/detail\/24030600\">Ist unsere Demokratie zu unsexy?<\/a>&#8220; (Workshop)<\/li>\n\n\n\n<li>24.04.2024: Berlin, Charit\u00e9: &#8222;Selbstbestimmung Selbst Gemacht!&#8220; (Vortrag)<\/li>\n\n\n\n<li>24.04.2024: N\u00fcrnberg, Akademie der K\u00fcnste: &#8222;Jenseits der Repr\u00e4sentationalen Gerechtigkeit&#8220; (Vortrag)<\/li>\n\n\n\n<li>22.04.2024: \u201eKritische Betrachtung zum Selbstbestimmungsgesetz\u201c (Online Vortrag bei der GEW Hessen)<\/li>\n\n\n\n<li>10.04.2024: Berlin, Kleinod: &#8222;Selbstbestimmung Selbst Gemacht!&#8220; (Lesung und Gespr\u00e4ch)<\/li>\n<\/ul>\n\n\n\n<h4 class=\"wp-block-heading\">M\u00e4rz 2024<\/h4>\n\n\n\n<ul class=\"wp-block-list\">\n<li>20.03.2024: <a href=\"https:\/\/www.dielinke-queer.de\/termine\/termindetail\/sebstbestimmung-aber-richtig\/\">Online Fachgespr\u00e4ch mit die LINKE.Queer<\/a><\/li>\n\n\n\n<li>16.03.2024: Werbellinsee: Workshop auf der Vergesellschaftungskonferenz (Interview <a href=\"https:\/\/kein-ding.podigee.io\/3-new-episode\">hier <\/a>)<\/li>\n\n\n\n<li>08.03.2024: Berlin: Mehrere Beitr\u00e4ge zum Feministischen Aktionstag<\/li>\n<\/ul>\n\n\n\n<h4 class=\"wp-block-heading\">Februar 2024<\/h4>\n\n\n\n<ul class=\"wp-block-list\">\n<li>02.02.2024: <a href=\"https:\/\/www.queer.de\/detail.php?article_id=48352\">Mobile Sauna vor dem Bundestag<\/a>: \u201eUnsere Selbstbestimmung bringt die Politik ins <a href=\"https:\/\/www.queer.de\/galerie.php?gal_id=3167\">Schwitzen<\/a>\u201c (Lobbygespr\u00e4che mit Kathtin Vogler (MdB, die LINKE) Falko Dro\u00dfmann (MdB, SPD) und Anke Hennig (MdB, SPD). Marco Buschmann, Sven Lehmann, Tessa Ganserer, Lisa Paus, Nyke Slavik sind leider nicht dabei.<\/li>\n\n\n\n<li>02.02.2024: Freie Universit\u00e4t Berlin: \u201e<a href=\"https:\/\/queere-jugend-berlin.de\/event\/selbstbestimmung-zwischen-nomineller-und-materieller-gerechtigkeit\/\">Zwischen Nomineller und Materieller Selbstbestimmung<\/a>\u201c, (Podiumsgespr\u00e4ch mit Nick Markwald)<\/li>\n\n\n\n<li>Au\u00dferdem verschiedentlich Hintergrundgespr\u00e4che mit Politik und Verst\u00e4ndigung mit Verb\u00e4nden und anderen zivilgesellschaftlichen Akteur*innen \u00fcber progressive Strategien im Umgang mit dem Selbstbestimmungsgesetz.<\/li>\n<\/ul>\n\n\n\n<h4 class=\"wp-block-heading\">Januar 2024<\/h4>\n\n\n\n<ul class=\"wp-block-list\">\n<li>31.01.2024: Charit\u00e9 Berlin, \u201e<a href=\"https:\/\/medizingeschichte.charite.de\/fileadmin\/user_upload\/microsites\/m_cc01\/medizingeschichte\/Veranstaltungsflyer\/Gesundheit_Recht_Selbstbestimmung_31.1.2024.pdf\">Gesundheit \u2013 Recht \u2013 Selbstbestimmung<\/a>\u201c (Vortrag)<\/li>\n\n\n\n<li>31.01.2024: Andersraum Hannover, \u201eLasst uns Reden\u201c (Podiumsdiskussion)<\/li>\n\n\n\n<li>25.01.2024: Roter Salon, Volksb\u00fchne Berlin \u201e<a href=\"https:\/\/www.volksbuehne.berlin\/#\/en\/events\/velvet-voice-club-texte-zur-kunst-lust-2\">Legal Workout<\/a>\u201c (Performance),<\/li>\n\n\n\n<li>13.01.2024: Universit\u00e4t Wien: \u201c<a href=\"https:\/\/philpapers.org\/rec\/DELCTT-3\">Can the Transsexual Speak<\/a>\u201d (<a href=\"https:\/\/vd-philosophy.univie.ac.at\/events\/details\/news\/life-after-phd-pragmatic-academic-series\/\">Vortrag<\/a>)<\/li>\n\n\n\n<li>11.01.2024: Haus der Kulturen der Welt, Berlin: \u201eTIN* Self Determination: Law and Paedagogy\u201c (Partizipative k\u00fcnstlerische Intervention)<\/li>\n\n\n\n<li>11.01.2024: Ballhaus Ost, Berlin: \u201e<a href=\"https:\/\/www.ballhausost.de\/wider-die-selbstbestimmung-trans-inter-non-binaer\/\">Wider die Selbstbestimmung<\/a>\u201c (Lecture Performance)<\/li>\n<\/ul>\n\n\n\n<h4 class=\"wp-block-heading\">Dezember 2023<\/h4>\n\n\n\n<ul class=\"wp-block-list\">\n<li>Kontinuierliche Arbeit an Alternativen Gesetzentwurf unter Einbindung von Betroffenenperspektiven, juristischen Expertisen und rechtsphilosophischen \u00dcberlegungen.<\/li>\n<\/ul>\n\n\n\n<h4 class=\"wp-block-heading\">November 2023<\/h4>\n\n\n\n<ul class=\"wp-block-list\">\n<li>Offenes Online Event: Vorstellung unseres Entwurfs und kritische Diskussion um Feedbacks von trans*, inter* und nichtbin\u00e4ren Personen in unseren Entwurf aufzunehmen und einzuarbeiten<\/li>\n\n\n\n<li>12.11.2023: Vorstellung unseres alternativen Selbstbestimmungsgesetzes und \u00dcberreichung an eingeladene politische Vertreter*innen (von denen lediglich die Linkspartei eine Person entsendet &#8211; Daniel Bache, Sprecher von die LINKE queer)\n<ul class=\"wp-block-list\">\n<li>Mitwirkung auf der Kundgebung von:\n<ul class=\"wp-block-list\">\n<li>Pride Rebellion<\/li>\n\n\n\n<li>Simo Tier<\/li>\n<\/ul>\n<\/li>\n<\/ul>\n<\/li>\n\n\n\n<li>26.11.2023: Vorstellung unseres gesetzentwurfs auf der Bundesdeligierten Konferenz von Die LINKE Queer<\/li>\n<\/ul>\n\n\n\n<h4 class=\"wp-block-heading\">Oktober 2023<\/h4>\n\n\n\n<ul class=\"wp-block-list\">\n<li>Das B\u00fcndnis schreibt ein alternatives Selbstbestimmungsgesetz<\/li>\n<\/ul>\n\n\n\n<h4 class=\"wp-block-heading\">06. September 2023<\/h4>\n\n\n\n<ul class=\"wp-block-list\">\n<li>Kundgebung \u201eUnsere Selbstbestimmung zu unseren Bedingungen\u201c mit:<\/li>\n\n\n\n<li>Casa Ku\u00e1<\/li>\n\n\n\n<li>Yezenia L\u00e9on Mezu<\/li>\n\n\n\n<li>Eli Kappo<\/li>\n\n\n\n<li>Minzgespinst<\/li>\n\n\n\n<li>WTF B\u00fcndnis Berlin<\/li>\n<\/ul>\n\n\n\n<h4 class=\"wp-block-heading\">August 2023<\/h4>\n\n\n\n<ul class=\"wp-block-list\">\n<li>Gr\u00fcndung<\/li>\n<\/ul>\n<\/div>\n<\/div>\n","protected":false},"excerpt":{"rendered":"<p>Wir sind Selbstbestimmung Selbstgemacht (SBSG). Selbstbestimmung wird einer* nicht geschenkt, Selbstbestimmung wird zugelassen. Damit wir trans*, inter*, enbys und queers selbstbestimmt leben k\u00f6nnen,<\/p>\n","protected":false},"author":1,"featured_media":216,"parent":0,"menu_order":0,"comment_status":"closed","ping_status":"closed","template":"","meta":{"_acf_changed":false,"footnotes":""},"class_list":["post-94","page","type-page","status-publish","has-post-thumbnail","hentry"],"acf":[],"_links":{"self":[{"href":"https:\/\/queerokratia.de\/de\/wp-json\/wp\/v2\/pages\/94","targetHints":{"allow":["GET"]}}],"collection":[{"href":"https:\/\/queerokratia.de\/de\/wp-json\/wp\/v2\/pages"}],"about":[{"href":"https:\/\/queerokratia.de\/de\/wp-json\/wp\/v2\/types\/page"}],"author":[{"embeddable":true,"href":"https:\/\/queerokratia.de\/de\/wp-json\/wp\/v2\/users\/1"}],"replies":[{"embeddable":true,"href":"https:\/\/queerokratia.de\/de\/wp-json\/wp\/v2\/comments?post=94"}],"version-history":[{"count":44,"href":"https:\/\/queerokratia.de\/de\/wp-json\/wp\/v2\/pages\/94\/revisions"}],"predecessor-version":[{"id":1027,"href":"https:\/\/queerokratia.de\/de\/wp-json\/wp\/v2\/pages\/94\/revisions\/1027"}],"wp:featuredmedia":[{"embeddable":true,"href":"https:\/\/queerokratia.de\/de\/wp-json\/wp\/v2\/media\/216"}],"wp:attachment":[{"href":"https:\/\/queerokratia.de\/de\/wp-json\/wp\/v2\/media?parent=94"}],"curies":[{"name":"wp","href":"https:\/\/api.w.org\/{rel}","templated":true}]}}